{"id":1936,"date":"2016-06-05T08:45:13","date_gmt":"2016-06-05T07:45:13","guid":{"rendered":"http:\/\/www.marceltuit.nl\/?page_id=1936"},"modified":"2018-05-19T09:49:48","modified_gmt":"2018-05-19T08:49:48","slug":"slovenie","status":"publish","type":"page","link":"https:\/\/www.marceltuit.nl\/?page_id=1936","title":{"rendered":"Reisverslagen Sloveni\u00eb"},"content":{"rendered":"<p>Sloveni\u00eb is een klein land tussen Oostenrijk, Hongarije, Itali\u00eb en Kroati\u00eb in gelegen. Het is een schitterend land om te verkennen met een grote verscheidenheid aan natuur en cultuur.<\/p>\n<p>Een hoop mensen gebruiken het alleen als tussenstop terwijl ze onderweg zijn naar de kust van het zuidelijker gelegen Kroati\u00eb. Eigenlijk doen ze Sloveni\u00eb hier een beetje onrecht aan, want door zijn veelzijdigheid verdient het meer aandacht dan tijdens een tussenstop&#8230;<\/p>\n<p>Of je nou liefhebber bent van cultuur, natuur of zelfs strand: het kan eigenlijk allemaal. Het land barst van de geschiedenis in steden zoals bijvoorbeeld Ljubljana of Bled. Outdoorenthousiastelingen kunnen hun hart ophalen in verschillende mooie gebieden, zoals het in het noordwesten gelegen Triglav nationaal park voor activiteiten zoals Hiken, mountainbiken of raften.<\/p>\n<p>En je verwacht het misschien niet, maar Sloveni\u00eb heeft zelfs een stukje kustlijn, slechts 47 kilometer lang ingeperst tussen Kroati\u00eb en Itali\u00eb, maar goed het is en blijft een kustlijn \ud83d\ude09 Je vindt hier prachtige oude stadjes als Piran of Izola. Je vindt hier duidelijk nog de Venetiaanse invloeden uit het verleden terug.<\/p>\n<div class=\"pt-cv-wrapper\"><div class=\"pt-cv-view pt-cv-grid pt-cv-colsys\" id=\"pt-cv-view-49035c265d\"><div data-id=\"pt-cv-page-1\" class=\"pt-cv-page\" data-cvc=\"2\"><div class=\"col-md-6 col-sm-6 col-xs-12 pt-cv-content-item pt-cv-1-col\" ><div class='pt-cv-ifield'><a href=\"https:\/\/www.marceltuit.nl\/?p=8933\" class=\"_self pt-cv-href-thumbnail pt-cv-thumb-default\" target=\"_self\" ><img loading=\"lazy\" decoding=\"async\" width=\"150\" height=\"150\" src=\"https:\/\/www.marceltuit.nl\/wp-content\/uploads\/2023\/05\/P1001061-150x150.jpg\" class=\"pt-cv-thumbnail\" alt=\"\" \/><\/a>\n<h4 class=\"pt-cv-title\"><a href=\"https:\/\/www.marceltuit.nl\/?p=8933\" class=\"_self\" target=\"_self\" >Door Noord-Itali\u00eb naar Sloveni\u00eb en Kroati\u00eb<\/a><\/h4>\n<div class=\"pt-cv-content\">Het is alweer een tijdje terug dat ik een rustdag heb gehouden. De vorige is alweer meer dan een week ...<br \/><div class=\"pt-cv-rmwrap\"><a href=\"https:\/\/www.marceltuit.nl\/?p=8933\" class=\"_self pt-cv-readmore btn btn-success\" target=\"_self\">Verder Lezen<\/a><\/div><\/div><\/div><\/div>\n<div class=\"col-md-6 col-sm-6 col-xs-12 pt-cv-content-item pt-cv-1-col\" ><div class='pt-cv-ifield'><a href=\"https:\/\/www.marceltuit.nl\/?p=1128\" class=\"_self pt-cv-href-thumbnail pt-cv-thumb-default\" target=\"_self\" ><img loading=\"lazy\" decoding=\"async\" width=\"150\" height=\"150\" src=\"https:\/\/www.marceltuit.nl\/wp-content\/uploads\/2015\/11\/IMG_8091-HDR-150x150.jpg\" class=\"pt-cv-thumbnail\" alt=\"\" \/><\/a>\n<h4 class=\"pt-cv-title\"><a href=\"https:\/\/www.marceltuit.nl\/?p=1128\" class=\"_self\" target=\"_self\" >Reisverslag: Winters Sloveni\u00eb<\/a><\/h4>\n<div class=\"pt-cv-content\">Nadat ik in het begin van de zomer al naar Sloveni\u00eb was geweest besloten Martijn en ik eind November weer ...<br \/><div class=\"pt-cv-rmwrap\"><a href=\"https:\/\/www.marceltuit.nl\/?p=1128\" class=\"_self pt-cv-readmore btn btn-success\" target=\"_self\">Verder Lezen<\/a><\/div><\/div><\/div><\/div>\n<div class=\"col-md-6 col-sm-6 col-xs-12 pt-cv-content-item pt-cv-1-col\" ><div class='pt-cv-ifield'><a href=\"https:\/\/www.marceltuit.nl\/?p=850\" class=\"_self pt-cv-href-thumbnail pt-cv-thumb-default\" target=\"_self\" ><img loading=\"lazy\" decoding=\"async\" width=\"150\" height=\"150\" src=\"https:\/\/www.marceltuit.nl\/wp-content\/uploads\/2015\/08\/IMG_1826-150x150.jpg\" class=\"pt-cv-thumbnail\" alt=\"\" \/><\/a>\n<h4 class=\"pt-cv-title\"><a href=\"https:\/\/www.marceltuit.nl\/?p=850\" class=\"_self\" target=\"_self\" >Reisverslag: Sloveni\u00eb Juni 2015 \u2013 Bovec en Lepena vallei<\/a><\/h4>\n<div class=\"pt-cv-content\">Na een reisdag en regenachtige eerste avond in de Soca vallei vond ik het de volgende ochtend weer tijd om ...<br \/><div class=\"pt-cv-rmwrap\"><a href=\"https:\/\/www.marceltuit.nl\/?p=850\" class=\"_self pt-cv-readmore btn btn-success\" target=\"_self\">Verder Lezen<\/a><\/div><\/div><\/div><\/div>\n<div class=\"col-md-6 col-sm-6 col-xs-12 pt-cv-content-item pt-cv-1-col\" ><div class='pt-cv-ifield'><a href=\"https:\/\/www.marceltuit.nl\/?p=835\" class=\"_self pt-cv-href-thumbnail pt-cv-thumb-default\" target=\"_self\" ><img loading=\"lazy\" decoding=\"async\" width=\"150\" height=\"150\" src=\"https:\/\/www.marceltuit.nl\/wp-content\/uploads\/2015\/08\/IMG_1752-HDR-bewerkt-150x150.jpg\" class=\"pt-cv-thumbnail\" alt=\"\" \/><\/a>\n<h4 class=\"pt-cv-title\"><a href=\"https:\/\/www.marceltuit.nl\/?p=835\" class=\"_self\" target=\"_self\" >Reisverslag: Sloveni\u00eb Juni 2015 \u2013 Soca vallei<\/a><\/h4>\n<div class=\"pt-cv-content\">Zoals ik in het vorige deel van mijn reisverslag van mijn reis in Sloveni\u00eb en Kroati\u00eb al schreef ging ik ...<br \/><div class=\"pt-cv-rmwrap\"><a href=\"https:\/\/www.marceltuit.nl\/?p=835\" class=\"_self pt-cv-readmore btn btn-success\" target=\"_self\">Verder Lezen<\/a><\/div><\/div><\/div><\/div>\n<div class=\"col-md-6 col-sm-6 col-xs-12 pt-cv-content-item pt-cv-1-col\" ><div class='pt-cv-ifield'><a href=\"https:\/\/www.marceltuit.nl\/?p=796\" class=\"_self pt-cv-href-thumbnail pt-cv-thumb-default\" target=\"_self\" ><img loading=\"lazy\" decoding=\"async\" width=\"150\" height=\"150\" src=\"https:\/\/www.marceltuit.nl\/wp-content\/uploads\/2015\/07\/IMG_1608-150x150.jpg\" class=\"pt-cv-thumbnail\" alt=\"\" \/><\/a>\n<h4 class=\"pt-cv-title\"><a href=\"https:\/\/www.marceltuit.nl\/?p=796\" class=\"_self\" target=\"_self\" >Reisverslag: Sloveni\u00eb Juni 2015 \u2013 Piran en de grotten in de karstregio<\/a><\/h4>\n<div class=\"pt-cv-content\">Na mijn 2 nachtjes in Rovinj, Istri\u00eb, had ik het eigenlijk wel weer gehad met Kroati\u00eb en besloot daarom weer ...<br \/><div class=\"pt-cv-rmwrap\"><a href=\"https:\/\/www.marceltuit.nl\/?p=796\" class=\"_self pt-cv-readmore btn btn-success\" target=\"_self\">Verder Lezen<\/a><\/div><\/div><\/div><\/div>\n<div class=\"col-md-6 col-sm-6 col-xs-12 pt-cv-content-item pt-cv-1-col\" ><div class='pt-cv-ifield'><a href=\"https:\/\/www.marceltuit.nl\/?p=721\" class=\"_self pt-cv-href-thumbnail pt-cv-thumb-default\" target=\"_self\" ><img loading=\"lazy\" decoding=\"async\" width=\"150\" height=\"150\" src=\"https:\/\/www.marceltuit.nl\/wp-content\/uploads\/2015\/07\/IMG_1120-HDR-150x150.jpg\" class=\"pt-cv-thumbnail\" alt=\"\" \/><\/a>\n<h4 class=\"pt-cv-title\"><a href=\"https:\/\/www.marceltuit.nl\/?p=721\" class=\"_self\" target=\"_self\" >Reisverslag: Sloveni\u00eb Juni 2015 \u2013 Ptuj<\/a><\/h4>\n<div class=\"pt-cv-content\">Na vier dagen kamperen vlakbij Bled vond ik het tijd om verder te trekken. Eigenlijk wilde ik naar Kroati\u00eb, naar ...<br \/><div class=\"pt-cv-rmwrap\"><a href=\"https:\/\/www.marceltuit.nl\/?p=721\" class=\"_self pt-cv-readmore btn btn-success\" target=\"_self\">Verder Lezen<\/a><\/div><\/div><\/div><\/div>\n<div class=\"col-md-6 col-sm-6 col-xs-12 pt-cv-content-item pt-cv-1-col\" ><div class='pt-cv-ifield'><a href=\"https:\/\/www.marceltuit.nl\/?p=697\" class=\"_self pt-cv-href-thumbnail pt-cv-thumb-default\" target=\"_self\" ><img loading=\"lazy\" decoding=\"async\" width=\"150\" height=\"150\" src=\"https:\/\/www.marceltuit.nl\/wp-content\/uploads\/2015\/07\/IMG_0887-150x150.jpg\" class=\"pt-cv-thumbnail\" alt=\"\" \/><\/a>\n<h4 class=\"pt-cv-title\"><a href=\"https:\/\/www.marceltuit.nl\/?p=697\" class=\"_self\" target=\"_self\" >Reisverslag: Sloveni\u00eb Juni 2015 \u2013 Ljubljana vanuit Bled<\/a><\/h4>\n<div class=\"pt-cv-content\">Tijdens mijn vakantie in Slovenie heb ik ook de hoofdstad van het land bezocht: Ljubljana. Ljubljana is een erg leuke ...<br \/><div class=\"pt-cv-rmwrap\"><a href=\"https:\/\/www.marceltuit.nl\/?p=697\" class=\"_self pt-cv-readmore btn btn-success\" target=\"_self\">Verder Lezen<\/a><\/div><\/div><\/div><\/div>\n<div class=\"col-md-6 col-sm-6 col-xs-12 pt-cv-content-item pt-cv-1-col\" ><div class='pt-cv-ifield'><a href=\"https:\/\/www.marceltuit.nl\/?p=676\" class=\"_self pt-cv-href-thumbnail pt-cv-thumb-default\" target=\"_self\" ><img loading=\"lazy\" decoding=\"async\" width=\"150\" height=\"150\" src=\"https:\/\/www.marceltuit.nl\/wp-content\/uploads\/2015\/06\/IMG_0802-Blended-150x150.jpg\" class=\"pt-cv-thumbnail\" alt=\"\" \/><\/a>\n<h4 class=\"pt-cv-title\"><a href=\"https:\/\/www.marceltuit.nl\/?p=676\" class=\"_self\" target=\"_self\" >Reisverslag: Sloveni\u00eb Juni 2015 \u2013 Bohinj en Begunje vanuit Bled<\/a><\/h4>\n<div class=\"pt-cv-content\">In het vorige deel van mijn reisverslag van de reis naar Sloveni\u00eb heb je al even kunnen lezen dat ik ...<br \/><div class=\"pt-cv-rmwrap\"><a href=\"https:\/\/www.marceltuit.nl\/?p=676\" class=\"_self pt-cv-readmore btn btn-success\" target=\"_self\">Verder Lezen<\/a><\/div><\/div><\/div><\/div>\n<div class=\"col-md-6 col-sm-6 col-xs-12 pt-cv-content-item pt-cv-1-col\" ><div class='pt-cv-ifield'><a href=\"https:\/\/www.marceltuit.nl\/?p=661\" class=\"_self pt-cv-href-thumbnail pt-cv-thumb-default\" target=\"_self\" ><img loading=\"lazy\" decoding=\"async\" width=\"150\" height=\"150\" src=\"https:\/\/www.marceltuit.nl\/wp-content\/uploads\/2015\/06\/IMG_0369-150x150.jpg\" class=\"pt-cv-thumbnail\" alt=\"\" \/><\/a>\n<h4 class=\"pt-cv-title\"><a href=\"https:\/\/www.marceltuit.nl\/?p=661\" class=\"_self\" target=\"_self\" >Reisverslag: Sloveni\u00eb Juni 2015 \u2013 Triglavski Narodni park vanuit Bled<\/a><\/h4>\n<div class=\"pt-cv-content\">Op mijn tweede volledige dag in Bled besloot ik om de echte natuur eens op te gaan zoeken. Op niet ...<br \/><div class=\"pt-cv-rmwrap\"><a href=\"https:\/\/www.marceltuit.nl\/?p=661\" class=\"_self pt-cv-readmore btn btn-success\" target=\"_self\">Verder Lezen<\/a><\/div><\/div><\/div><\/div>\n<div class=\"col-md-6 col-sm-6 col-xs-12 pt-cv-content-item pt-cv-1-col\" ><div class='pt-cv-ifield'><a href=\"https:\/\/www.marceltuit.nl\/?p=633\" class=\"_self pt-cv-href-thumbnail pt-cv-thumb-default\" target=\"_self\" ><img loading=\"lazy\" decoding=\"async\" width=\"150\" height=\"150\" src=\"https:\/\/www.marceltuit.nl\/wp-content\/uploads\/2015\/06\/IMG_0753-Blended-150x150.jpg\" class=\"pt-cv-thumbnail\" alt=\"\" \/><\/a>\n<h4 class=\"pt-cv-title\"><a href=\"https:\/\/www.marceltuit.nl\/?p=633\" class=\"_self\" target=\"_self\" >Reisverslag: Sloveni\u00eb Juni 2015 &#8211; Bled<\/a><\/h4>\n<div class=\"pt-cv-content\">Na onze grote reis naar de VS vorig jaar, vond ik het dit jaar tijd om eens wat dichterbij op ...<br \/><div class=\"pt-cv-rmwrap\"><a href=\"https:\/\/www.marceltuit.nl\/?p=633\" class=\"_self pt-cv-readmore btn btn-success\" target=\"_self\">Verder Lezen<\/a><\/div><\/div><\/div><\/div><\/div><\/div><\/div>\n<p>&nbsp;<\/p>\n","protected":false},"excerpt":{"rendered":"<p>Sloveni\u00eb is een klein land tussen Oostenrijk, Hongarije, Itali\u00eb en Kroati\u00eb in gelegen. Het is een schitterend land om te verkennen met een grote verscheidenheid aan natuur en cultuur. Een hoop mensen gebruiken het alleen als tussenstop terwijl ze onderweg zijn naar de kust van het zuidelijker gelegen Kroati\u00eb. Eigenlijk&#8230; <a class=\"continue-reading-link\" href=\"https:\/\/www.marceltuit.nl\/?page_id=1936\">Lees verder<\/a><\/p>\n","protected":false},"author":1,"featured_media":864,"parent":1549,"menu_order":0,"comment_status":"closed","ping_status":"closed","template":"","meta":{"footnotes":""},"class_list":["post-1936","page","type-page","status-publish","has-post-thumbnail","hentry"],"jetpack_shortlink":"https:\/\/wp.me\/P8JyC6-ve","jetpack-related-posts":[],"jetpack_likes_enabled":true,"jetpack_sharing_enabled":true,"_links":{"self":[{"href":"https:\/\/www.marceltuit.nl\/index.php?rest_route=\/wp\/v2\/pages\/1936","targetHints":{"allow":["GET"]}}],"collection":[{"href":"https:\/\/www.marceltuit.nl\/index.php?rest_route=\/wp\/v2\/pages"}],"about":[{"href":"https:\/\/www.marceltuit.nl\/index.php?rest_route=\/wp\/v2\/types\/page"}],"author":[{"embeddable":true,"href":"https:\/\/www.marceltuit.nl\/index.php?rest_route=\/wp\/v2\/users\/1"}],"replies":[{"embeddable":true,"href":"https:\/\/www.marceltuit.nl\/index.php?rest_route=%2Fwp%2Fv2%2Fcomments&post=1936"}],"version-history":[{"count":5,"href":"https:\/\/www.marceltuit.nl\/index.php?rest_route=\/wp\/v2\/pages\/1936\/revisions"}],"predecessor-version":[{"id":4379,"href":"https:\/\/www.marceltuit.nl\/index.php?rest_route=\/wp\/v2\/pages\/1936\/revisions\/4379"}],"up":[{"embeddable":true,"href":"https:\/\/www.marceltuit.nl\/index.php?rest_route=\/wp\/v2\/pages\/1549"}],"wp:featuredmedia":[{"embeddable":true,"href":"https:\/\/www.marceltuit.nl\/index.php?rest_route=\/wp\/v2\/media\/864"}],"wp:attachment":[{"href":"https:\/\/www.marceltuit.nl\/index.php?rest_route=%2Fwp%2Fv2%2Fmedia&parent=1936"}],"curies":[{"name":"wp","href":"https:\/\/api.w.org\/{rel}","templated":true}]}}