{"id":1954,"date":"2016-06-05T08:58:11","date_gmt":"2016-06-05T07:58:11","guid":{"rendered":"http:\/\/www.marceltuit.nl\/?page_id=1954"},"modified":"2024-07-13T10:29:33","modified_gmt":"2024-07-13T09:29:33","slug":"kroatie","status":"publish","type":"page","link":"https:\/\/www.marceltuit.nl\/?page_id=1954","title":{"rendered":"Reisverslagen Kroatie"},"content":{"rendered":"<p>Kroati\u00eb is een prachtig land aan de Middellandse zee dat van alles te bieden heeft: zon, zee, strand, natuur, cultuur en ook nog eens een bewogen verleden&#8230;<\/p>\n<p>Mijn eerste bezoek was tijdens een roadtrip in 2015. In 2023 kwam ik er nog eens terug, toen met de fiets.<\/p>\n<div class=\"pt-cv-wrapper\"><div class=\"pt-cv-view pt-cv-grid pt-cv-colsys\" id=\"pt-cv-view-529c260ee3\"><div data-id=\"pt-cv-page-1\" class=\"pt-cv-page\" data-cvc=\"2\"><div class=\"col-md-6 col-sm-6 col-xs-12 pt-cv-content-item pt-cv-1-col\" ><div class='pt-cv-ifield'><a href=\"https:\/\/www.marceltuit.nl\/?p=8960\" class=\"_self pt-cv-href-thumbnail pt-cv-thumb-default\" target=\"_self\" ><img loading=\"lazy\" decoding=\"async\" width=\"150\" height=\"150\" src=\"https:\/\/www.marceltuit.nl\/wp-content\/uploads\/2023\/05\/P1001372-150x150.jpg\" class=\"pt-cv-thumbnail\" alt=\"\" \/><\/a>\n<h4 class=\"pt-cv-title\"><a href=\"https:\/\/www.marceltuit.nl\/?p=8960\" class=\"_self\" target=\"_self\" >Plannen zijn er om gewijzigd te worden&#8230;<\/a><\/h4>\n<div class=\"pt-cv-content\">Het is alweer bijna drie weken geleden sinds ik een update heb gepost, toen nog vanuit het Kroatische Zadar. Inmiddels ...<br \/><div class=\"pt-cv-rmwrap\"><a href=\"https:\/\/www.marceltuit.nl\/?p=8960\" class=\"_self pt-cv-readmore btn btn-success\" target=\"_self\">Verder Lezen<\/a><\/div><\/div><\/div><\/div>\n<div class=\"col-md-6 col-sm-6 col-xs-12 pt-cv-content-item pt-cv-1-col\" ><div class='pt-cv-ifield'><a href=\"https:\/\/www.marceltuit.nl\/?p=8933\" class=\"_self pt-cv-href-thumbnail pt-cv-thumb-default\" target=\"_self\" ><img loading=\"lazy\" decoding=\"async\" width=\"150\" height=\"150\" src=\"https:\/\/www.marceltuit.nl\/wp-content\/uploads\/2023\/05\/P1001061-150x150.jpg\" class=\"pt-cv-thumbnail\" alt=\"\" \/><\/a>\n<h4 class=\"pt-cv-title\"><a href=\"https:\/\/www.marceltuit.nl\/?p=8933\" class=\"_self\" target=\"_self\" >Door Noord-Itali\u00eb naar Sloveni\u00eb en Kroati\u00eb<\/a><\/h4>\n<div class=\"pt-cv-content\">Het is alweer een tijdje terug dat ik een rustdag heb gehouden. De vorige is alweer meer dan een week ...<br \/><div class=\"pt-cv-rmwrap\"><a href=\"https:\/\/www.marceltuit.nl\/?p=8933\" class=\"_self pt-cv-readmore btn btn-success\" target=\"_self\">Verder Lezen<\/a><\/div><\/div><\/div><\/div>\n<div class=\"col-md-6 col-sm-6 col-xs-12 pt-cv-content-item pt-cv-1-col\" ><div class='pt-cv-ifield'><a href=\"https:\/\/www.marceltuit.nl\/?p=776\" class=\"_self pt-cv-href-thumbnail pt-cv-thumb-default\" target=\"_self\" ><img loading=\"lazy\" decoding=\"async\" width=\"150\" height=\"150\" src=\"https:\/\/www.marceltuit.nl\/wp-content\/uploads\/2015\/07\/IMG_1452-150x150.jpg\" class=\"pt-cv-thumbnail\" alt=\"\" \/><\/a>\n<h4 class=\"pt-cv-title\"><a href=\"https:\/\/www.marceltuit.nl\/?p=776\" class=\"_self\" target=\"_self\" >Reisverslag: Kroati\u00eb Juni 2015 \u2013 Rovinj<\/a><\/h4>\n<div class=\"pt-cv-content\">Zoals ik in de vorige post al schreef ging ik na de Plitvice meren richting Rovinj. Hier kwam ik helaas ...<br \/><div class=\"pt-cv-rmwrap\"><a href=\"https:\/\/www.marceltuit.nl\/?p=776\" class=\"_self pt-cv-readmore btn btn-success\" target=\"_self\">Verder Lezen<\/a><\/div><\/div><\/div><\/div>\n<div class=\"col-md-6 col-sm-6 col-xs-12 pt-cv-content-item pt-cv-1-col\" ><div class='pt-cv-ifield'><a href=\"https:\/\/www.marceltuit.nl\/?p=736\" class=\"_self pt-cv-href-thumbnail pt-cv-thumb-default\" target=\"_self\" ><img loading=\"lazy\" decoding=\"async\" width=\"150\" height=\"150\" src=\"https:\/\/www.marceltuit.nl\/wp-content\/uploads\/2015\/07\/IMG_1249-HDR-150x150.jpg\" class=\"pt-cv-thumbnail\" alt=\"\" \/><\/a>\n<h4 class=\"pt-cv-title\"><a href=\"https:\/\/www.marceltuit.nl\/?p=736\" class=\"_self\" target=\"_self\" >Reisverslag: Kroati\u00eb Juni 2015 \u2013 Plitvice meren nationaal park<\/a><\/h4>\n<div class=\"pt-cv-content\">Na een vroege wake-up call op de camping in Ptuj omdat de tent op nog geen 15 meter van een ...<br \/><div class=\"pt-cv-rmwrap\"><a href=\"https:\/\/www.marceltuit.nl\/?p=736\" class=\"_self pt-cv-readmore btn btn-success\" target=\"_self\">Verder Lezen<\/a><\/div><\/div><\/div><\/div><\/div><\/div><\/div>\n","protected":false},"excerpt":{"rendered":"<p>Kroati\u00eb is een prachtig land aan de Middellandse zee dat van alles te bieden heeft: zon, zee, strand, natuur, cultuur en ook nog eens een bewogen verleden&#8230; Mijn eerste bezoek was tijdens een roadtrip in 2015. In 2023 kwam ik er nog eens terug, toen met de fiets. <a class=\"continue-reading-link\" href=\"https:\/\/www.marceltuit.nl\/?page_id=1954\">Lees verder<\/a><\/p>\n","protected":false},"author":1,"featured_media":781,"parent":1549,"menu_order":0,"comment_status":"closed","ping_status":"closed","template":"","meta":{"footnotes":""},"class_list":["post-1954","page","type-page","status-publish","has-post-thumbnail","hentry"],"jetpack_shortlink":"https:\/\/wp.me\/P8JyC6-vw","jetpack-related-posts":[],"jetpack_likes_enabled":true,"jetpack_sharing_enabled":true,"_links":{"self":[{"href":"https:\/\/www.marceltuit.nl\/index.php?rest_route=\/wp\/v2\/pages\/1954","targetHints":{"allow":["GET"]}}],"collection":[{"href":"https:\/\/www.marceltuit.nl\/index.php?rest_route=\/wp\/v2\/pages"}],"about":[{"href":"https:\/\/www.marceltuit.nl\/index.php?rest_route=\/wp\/v2\/types\/page"}],"author":[{"embeddable":true,"href":"https:\/\/www.marceltuit.nl\/index.php?rest_route=\/wp\/v2\/users\/1"}],"replies":[{"embeddable":true,"href":"https:\/\/www.marceltuit.nl\/index.php?rest_route=%2Fwp%2Fv2%2Fcomments&post=1954"}],"version-history":[{"count":6,"href":"https:\/\/www.marceltuit.nl\/index.php?rest_route=\/wp\/v2\/pages\/1954\/revisions"}],"predecessor-version":[{"id":9603,"href":"https:\/\/www.marceltuit.nl\/index.php?rest_route=\/wp\/v2\/pages\/1954\/revisions\/9603"}],"up":[{"embeddable":true,"href":"https:\/\/www.marceltuit.nl\/index.php?rest_route=\/wp\/v2\/pages\/1549"}],"wp:featuredmedia":[{"embeddable":true,"href":"https:\/\/www.marceltuit.nl\/index.php?rest_route=\/wp\/v2\/media\/781"}],"wp:attachment":[{"href":"https:\/\/www.marceltuit.nl\/index.php?rest_route=%2Fwp%2Fv2%2Fmedia&parent=1954"}],"curies":[{"name":"wp","href":"https:\/\/api.w.org\/{rel}","templated":true}]}}