{"id":8799,"date":"2023-04-01T19:04:28","date_gmt":"2023-04-01T18:04:28","guid":{"rendered":"https:\/\/www.marceltuit.nl\/?page_id=8799"},"modified":"2024-07-13T07:18:27","modified_gmt":"2024-07-13T06:18:27","slug":"fietsennaaristanbul","status":"publish","type":"page","link":"https:\/\/www.marceltuit.nl\/?page_id=8799","title":{"rendered":"Fietsen naar Istanbul"},"content":{"rendered":"<p><iframe loading=\"lazy\" src=\"https:\/\/www.google.com\/maps\/d\/u\/0\/embed?mid=1ui1w_n2juZZXKFf6OCSyAbaVIIgdesk&amp;ehbc=2E312F\" width=\"640\" height=\"480\"><\/iframe><\/p>\n<p>In 2023 heb ik een ruim 3 maanden durende fietstocht door Europa gemaakt. Het plan was om naar Istanbul in Turkije te fietsen, maar onderweg tijdens het fietsen heb ik dit plan aangepast en werd het een grote tour door Europa; waarbij ik ook weer naar huis fietste.<\/p>\n<p>Tijdens deze reis heb ik af en toe een update gegeven van mijn fietsreis, zie hieronder een overzicht van deze posts \ud83d\ude42<\/p>\n<p class=\"lang-html s-code-block\"><div class=\"pt-cv-wrapper\"><div class=\"pt-cv-view pt-cv-grid pt-cv-colsys\" id=\"pt-cv-view-b93e822tjb\"><div data-id=\"pt-cv-page-1\" class=\"pt-cv-page\" data-cvc=\"2\"><div class=\"col-md-6 col-sm-6 col-xs-12 pt-cv-content-item pt-cv-1-col\" ><div class='pt-cv-ifield'><a href=\"https:\/\/www.marceltuit.nl\/?p=9163\" class=\"_self pt-cv-href-thumbnail pt-cv-thumb-default\" target=\"_self\" ><img loading=\"lazy\" decoding=\"async\" width=\"150\" height=\"150\" src=\"https:\/\/www.marceltuit.nl\/wp-content\/uploads\/2023\/07\/P1011949-150x150.jpg\" class=\"pt-cv-thumbnail\" alt=\"\" \/><\/a>\n<h4 class=\"pt-cv-title\"><a href=\"https:\/\/www.marceltuit.nl\/?p=9163\" class=\"_self\" target=\"_self\" >Terugblik op 102 dagen door Europa fietsen<\/a><\/h4>\n<div class=\"pt-cv-content\">Het is inmiddels alweer anderhalve maand geleden dat ik thuiskwam na meer dan 100 dagen door Europa te hebben gefietst ...<br \/><div class=\"pt-cv-rmwrap\"><a href=\"https:\/\/www.marceltuit.nl\/?p=9163\" class=\"_self pt-cv-readmore btn btn-success\" target=\"_self\">Verder Lezen<\/a><\/div><\/div><\/div><\/div>\n<div class=\"col-md-6 col-sm-6 col-xs-12 pt-cv-content-item pt-cv-1-col\" ><div class='pt-cv-ifield'><a href=\"https:\/\/www.marceltuit.nl\/?p=9135\" class=\"_self pt-cv-href-thumbnail pt-cv-thumb-default\" target=\"_self\" ><img loading=\"lazy\" decoding=\"async\" width=\"150\" height=\"150\" src=\"https:\/\/www.marceltuit.nl\/wp-content\/uploads\/2023\/07\/P1012058-150x150.jpg\" class=\"pt-cv-thumbnail\" alt=\"\" \/><\/a>\n<h4 class=\"pt-cv-title\"><a href=\"https:\/\/www.marceltuit.nl\/?p=9135\" class=\"_self\" target=\"_self\" >Dwars door het zwarte woud en langs de Rijn zu hause<\/a><\/h4>\n<div class=\"pt-cv-content\">Mijn vorige bericht eindigde ik bij de Bodensee, dat op de grens van Duitsland, Oostenrijk en Zwitserland ligt. Aangezien ik ...<br \/><div class=\"pt-cv-rmwrap\"><a href=\"https:\/\/www.marceltuit.nl\/?p=9135\" class=\"_self pt-cv-readmore btn btn-success\" target=\"_self\">Verder Lezen<\/a><\/div><\/div><\/div><\/div>\n<div class=\"col-md-6 col-sm-6 col-xs-12 pt-cv-content-item pt-cv-1-col\" ><div class='pt-cv-ifield'><a href=\"https:\/\/www.marceltuit.nl\/?p=9087\" class=\"_self pt-cv-href-thumbnail pt-cv-thumb-default\" target=\"_self\" ><img loading=\"lazy\" decoding=\"async\" width=\"150\" height=\"150\" src=\"https:\/\/www.marceltuit.nl\/wp-content\/uploads\/2023\/07\/P1011911-150x150.jpg\" class=\"pt-cv-thumbnail\" alt=\"\" \/><\/a>\n<h4 class=\"pt-cv-title\"><a href=\"https:\/\/www.marceltuit.nl\/?p=9087\" class=\"_self\" target=\"_self\" >De grote Alpenoversteek per fiets&#8230;<\/a><\/h4>\n<div class=\"pt-cv-content\">Nadat ik even ten Noorden van Valence de rivier de Rhone had verlaten ging het voorlopig langs een zijrivier van ...<br \/><div class=\"pt-cv-rmwrap\"><a href=\"https:\/\/www.marceltuit.nl\/?p=9087\" class=\"_self pt-cv-readmore btn btn-success\" target=\"_self\">Verder Lezen<\/a><\/div><\/div><\/div><\/div>\n<div class=\"col-md-6 col-sm-6 col-xs-12 pt-cv-content-item pt-cv-1-col\" ><div class='pt-cv-ifield'><a href=\"https:\/\/www.marceltuit.nl\/?p=9058\" class=\"_self pt-cv-href-thumbnail pt-cv-thumb-default\" target=\"_self\" ><img loading=\"lazy\" decoding=\"async\" width=\"150\" height=\"150\" src=\"https:\/\/www.marceltuit.nl\/wp-content\/uploads\/2023\/07\/P1011778-150x150.jpg\" class=\"pt-cv-thumbnail\" alt=\"\" \/><\/a>\n<h4 class=\"pt-cv-title\"><a href=\"https:\/\/www.marceltuit.nl\/?p=9058\" class=\"_self\" target=\"_self\" >Fietsen door de Provence en over de Mont Ventoux!<\/a><\/h4>\n<div class=\"pt-cv-content\">De nachtboot vanaf Corsica lag al om kwart over 5 's morgens aan de kade, en zodoende reed ik even ...<br \/><div class=\"pt-cv-rmwrap\"><a href=\"https:\/\/www.marceltuit.nl\/?p=9058\" class=\"_self pt-cv-readmore btn btn-success\" target=\"_self\">Verder Lezen<\/a><\/div><\/div><\/div><\/div>\n<div class=\"col-md-6 col-sm-6 col-xs-12 pt-cv-content-item pt-cv-1-col\" ><div class='pt-cv-ifield'><a href=\"https:\/\/www.marceltuit.nl\/?p=9019\" class=\"_self pt-cv-href-thumbnail pt-cv-thumb-default\" target=\"_self\" ><img loading=\"lazy\" decoding=\"async\" width=\"150\" height=\"150\" src=\"https:\/\/www.marceltuit.nl\/wp-content\/uploads\/2023\/06\/P1001472-150x150.jpg\" class=\"pt-cv-thumbnail\" alt=\"\" \/><\/a>\n<h4 class=\"pt-cv-title\"><a href=\"https:\/\/www.marceltuit.nl\/?p=9019\" class=\"_self\" target=\"_self\" >Ook eventjes fietsen op Corsica<\/a><\/h4>\n<div class=\"pt-cv-content\">De boot vanuit Livorno die ik maar net haalde bracht mij in ruim 4 uur naar het Franse eiland Corsica; ...<br \/><div class=\"pt-cv-rmwrap\"><a href=\"https:\/\/www.marceltuit.nl\/?p=9019\" class=\"_self pt-cv-readmore btn btn-success\" target=\"_self\">Verder Lezen<\/a><\/div><\/div><\/div><\/div>\n<div class=\"col-md-6 col-sm-6 col-xs-12 pt-cv-content-item pt-cv-1-col\" ><div class='pt-cv-ifield'><a href=\"https:\/\/www.marceltuit.nl\/?p=9000\" class=\"_self pt-cv-href-thumbnail pt-cv-thumb-default\" target=\"_self\" ><img loading=\"lazy\" decoding=\"async\" width=\"150\" height=\"150\" src=\"https:\/\/www.marceltuit.nl\/wp-content\/uploads\/2023\/06\/P1001426-150x150.jpg\" class=\"pt-cv-thumbnail\" alt=\"\" \/><\/a>\n<h4 class=\"pt-cv-title\"><a href=\"https:\/\/www.marceltuit.nl\/?p=9000\" class=\"_self\" target=\"_self\" >Naar het noorden fietsen door Toscane&#8230;<\/a><\/h4>\n<div class=\"pt-cv-content\">Na Rome ging het weer Noordwaarts. Uiteraard niet weer de zelfde route, maar ten westen van de Appenijnen: richting Toscane ...<br \/><div class=\"pt-cv-rmwrap\"><a href=\"https:\/\/www.marceltuit.nl\/?p=9000\" class=\"_self pt-cv-readmore btn btn-success\" target=\"_self\">Verder Lezen<\/a><\/div><\/div><\/div><\/div>\n<div class=\"col-md-6 col-sm-6 col-xs-12 pt-cv-content-item pt-cv-1-col\" ><div class='pt-cv-ifield'><a href=\"https:\/\/www.marceltuit.nl\/?p=8960\" class=\"_self pt-cv-href-thumbnail pt-cv-thumb-default\" target=\"_self\" ><img loading=\"lazy\" decoding=\"async\" width=\"150\" height=\"150\" src=\"https:\/\/www.marceltuit.nl\/wp-content\/uploads\/2023\/05\/P1001372-150x150.jpg\" class=\"pt-cv-thumbnail\" alt=\"\" \/><\/a>\n<h4 class=\"pt-cv-title\"><a href=\"https:\/\/www.marceltuit.nl\/?p=8960\" class=\"_self\" target=\"_self\" >Plannen zijn er om gewijzigd te worden&#8230;<\/a><\/h4>\n<div class=\"pt-cv-content\">Het is alweer bijna drie weken geleden sinds ik een update heb gepost, toen nog vanuit het Kroatische Zadar. Inmiddels ...<br \/><div class=\"pt-cv-rmwrap\"><a href=\"https:\/\/www.marceltuit.nl\/?p=8960\" class=\"_self pt-cv-readmore btn btn-success\" target=\"_self\">Verder Lezen<\/a><\/div><\/div><\/div><\/div>\n<div class=\"col-md-6 col-sm-6 col-xs-12 pt-cv-content-item pt-cv-1-col\" ><div class='pt-cv-ifield'><a href=\"https:\/\/www.marceltuit.nl\/?p=8933\" class=\"_self pt-cv-href-thumbnail pt-cv-thumb-default\" target=\"_self\" ><img loading=\"lazy\" decoding=\"async\" width=\"150\" height=\"150\" src=\"https:\/\/www.marceltuit.nl\/wp-content\/uploads\/2023\/05\/P1001061-150x150.jpg\" class=\"pt-cv-thumbnail\" alt=\"\" \/><\/a>\n<h4 class=\"pt-cv-title\"><a href=\"https:\/\/www.marceltuit.nl\/?p=8933\" class=\"_self\" target=\"_self\" >Door Noord-Itali\u00eb naar Sloveni\u00eb en Kroati\u00eb<\/a><\/h4>\n<div class=\"pt-cv-content\">Het is alweer een tijdje terug dat ik een rustdag heb gehouden. De vorige is alweer meer dan een week ...<br \/><div class=\"pt-cv-rmwrap\"><a href=\"https:\/\/www.marceltuit.nl\/?p=8933\" class=\"_self pt-cv-readmore btn btn-success\" target=\"_self\">Verder Lezen<\/a><\/div><\/div><\/div><\/div>\n<div class=\"col-md-6 col-sm-6 col-xs-12 pt-cv-content-item pt-cv-1-col\" ><div class='pt-cv-ifield'><a href=\"https:\/\/www.marceltuit.nl\/?p=8897\" class=\"_self pt-cv-href-thumbnail pt-cv-thumb-default\" target=\"_self\" ><img loading=\"lazy\" decoding=\"async\" width=\"150\" height=\"150\" src=\"https:\/\/www.marceltuit.nl\/wp-content\/uploads\/2023\/05\/P1000990-150x150.jpg\" class=\"pt-cv-thumbnail\" alt=\"\" srcset=\"https:\/\/www.marceltuit.nl\/wp-content\/uploads\/2023\/05\/P1000990-150x150.jpg 150w, https:\/\/www.marceltuit.nl\/wp-content\/uploads\/2023\/05\/P1000990-480x480.jpg 480w, https:\/\/www.marceltuit.nl\/wp-content\/uploads\/2023\/05\/P1000990-350x350.jpg 350w, https:\/\/www.marceltuit.nl\/wp-content\/uploads\/2023\/05\/P1000990.jpg 640w\" sizes=\"auto, (max-width: 150px) 100vw, 150px\" \/><\/a>\n<h4 class=\"pt-cv-title\"><a href=\"https:\/\/www.marceltuit.nl\/?p=8897\" class=\"_self\" target=\"_self\" >De Alpen over richting Itali\u00eb<\/a><\/h4>\n<div class=\"pt-cv-content\">Het is inmiddels al meer dan een week geleden dat ik in Garmisch Partenkirchen een dagje niet ging fietsen. Officieel ...<br \/><div class=\"pt-cv-rmwrap\"><a href=\"https:\/\/www.marceltuit.nl\/?p=8897\" class=\"_self pt-cv-readmore btn btn-success\" target=\"_self\">Verder Lezen<\/a><\/div><\/div><\/div><\/div>\n<div class=\"col-md-6 col-sm-6 col-xs-12 pt-cv-content-item pt-cv-1-col\" ><div class='pt-cv-ifield'><a href=\"https:\/\/www.marceltuit.nl\/?p=8864\" class=\"_self pt-cv-href-thumbnail pt-cv-thumb-default\" target=\"_self\" ><img loading=\"lazy\" decoding=\"async\" width=\"150\" height=\"150\" src=\"https:\/\/www.marceltuit.nl\/wp-content\/uploads\/2023\/04\/P1000797-150x150.jpg\" class=\"pt-cv-thumbnail\" alt=\"\" \/><\/a>\n<h4 class=\"pt-cv-title\"><a href=\"https:\/\/www.marceltuit.nl\/?p=8864\" class=\"_self\" target=\"_self\" >Via de Elzas, Rijn en Allg\u00e4u naar de Alpen<\/a><\/h4>\n<div class=\"pt-cv-content\">Na mijn vorige rustdag, ruim een week geleden in Saverne, heb ik niet stil gezeten. In de tussentijd ben ik ...<br \/><div class=\"pt-cv-rmwrap\"><a href=\"https:\/\/www.marceltuit.nl\/?p=8864\" class=\"_self pt-cv-readmore btn btn-success\" target=\"_self\">Verder Lezen<\/a><\/div><\/div><\/div><\/div>\n<div class=\"col-md-6 col-sm-6 col-xs-12 pt-cv-content-item pt-cv-1-col\" ><div class='pt-cv-ifield'><a href=\"https:\/\/www.marceltuit.nl\/?p=8832\" class=\"_self pt-cv-href-thumbnail pt-cv-thumb-default\" target=\"_self\" ><img loading=\"lazy\" decoding=\"async\" width=\"150\" height=\"150\" src=\"https:\/\/www.marceltuit.nl\/wp-content\/uploads\/2023\/04\/P1000744-150x150.jpg\" class=\"pt-cv-thumbnail\" alt=\"\" \/><\/a>\n<h4 class=\"pt-cv-title\"><a href=\"https:\/\/www.marceltuit.nl\/?p=8832\" class=\"_self\" target=\"_self\" >Eerste 10 dagen naar Istanbul<\/a><\/h4>\n<div class=\"pt-cv-content\">Hallo lieve kijkbuiskindertjes! Ik ben nu een tiental dagen onderweg op mijn fietstocht naar Istanbul, en zit nu een beetje ...<br \/><div class=\"pt-cv-rmwrap\"><a href=\"https:\/\/www.marceltuit.nl\/?p=8832\" class=\"_self pt-cv-readmore btn btn-success\" target=\"_self\">Verder Lezen<\/a><\/div><\/div><\/div><\/div>\n<div class=\"col-md-6 col-sm-6 col-xs-12 pt-cv-content-item pt-cv-1-col\" ><div class='pt-cv-ifield'><a href=\"https:\/\/www.marceltuit.nl\/?p=8825\" class=\"_self pt-cv-href-thumbnail pt-cv-thumb-default\" target=\"_self\" ><\/a>\n<h4 class=\"pt-cv-title\"><a href=\"https:\/\/www.marceltuit.nl\/?p=8825\" class=\"_self\" target=\"_self\" >Klaar voor vertrek<\/a><\/h4>\n<div class=\"pt-cv-content\"> ...<br \/><div class=\"pt-cv-rmwrap\"><a href=\"https:\/\/www.marceltuit.nl\/?p=8825\" class=\"_self pt-cv-readmore btn btn-success\" target=\"_self\">Verder Lezen<\/a><\/div><\/div><\/div><\/div>\n<div class=\"col-md-6 col-sm-6 col-xs-12 pt-cv-content-item pt-cv-1-col\" ><div class='pt-cv-ifield'><a href=\"https:\/\/www.marceltuit.nl\/?p=8774\" class=\"_self pt-cv-href-thumbnail pt-cv-thumb-default\" target=\"_self\" ><img loading=\"lazy\" decoding=\"async\" width=\"150\" height=\"150\" src=\"https:\/\/www.marceltuit.nl\/wp-content\/uploads\/2023\/03\/Kaart-alle-opties-150x150.png\" class=\"pt-cv-thumbnail\" alt=\"\" \/><\/a>\n<h4 class=\"pt-cv-title\"><a href=\"https:\/\/www.marceltuit.nl\/?p=8774\" class=\"_self\" target=\"_self\" >2023: Voorbereidingen voor een groots fietsavontuur<\/a><\/h4>\n<div class=\"pt-cv-content\">In de paar jaar dat ik nu met de fiets op reis ga, kan ik wel een ding met grote ...<br \/><div class=\"pt-cv-rmwrap\"><a href=\"https:\/\/www.marceltuit.nl\/?p=8774\" class=\"_self pt-cv-readmore btn btn-success\" target=\"_self\">Verder Lezen<\/a><\/div><\/div><\/div><\/div><\/div><\/div><\/div><\/p>\n","protected":false},"excerpt":{"rendered":"<p>In 2023 heb ik een ruim 3 maanden durende fietstocht door Europa gemaakt. Het plan was om naar Istanbul in Turkije te fietsen, maar onderweg tijdens het fietsen heb ik dit plan aangepast en werd het een grote tour door Europa; waarbij ik ook weer naar huis fietste. Tijdens deze&#8230; <a class=\"continue-reading-link\" href=\"https:\/\/www.marceltuit.nl\/?page_id=8799\">Lees verder<\/a><\/p>\n","protected":false},"author":1,"featured_media":8780,"parent":0,"menu_order":0,"comment_status":"closed","ping_status":"closed","template":"","meta":{"footnotes":""},"class_list":["post-8799","page","type-page","status-publish","has-post-thumbnail","hentry"],"jetpack_shortlink":"https:\/\/wp.me\/P8JyC6-2hV","jetpack-related-posts":[],"jetpack_likes_enabled":true,"jetpack_sharing_enabled":true,"_links":{"self":[{"href":"https:\/\/www.marceltuit.nl\/index.php?rest_route=\/wp\/v2\/pages\/8799","targetHints":{"allow":["GET"]}}],"collection":[{"href":"https:\/\/www.marceltuit.nl\/index.php?rest_route=\/wp\/v2\/pages"}],"about":[{"href":"https:\/\/www.marceltuit.nl\/index.php?rest_route=\/wp\/v2\/types\/page"}],"author":[{"embeddable":true,"href":"https:\/\/www.marceltuit.nl\/index.php?rest_route=\/wp\/v2\/users\/1"}],"replies":[{"embeddable":true,"href":"https:\/\/www.marceltuit.nl\/index.php?rest_route=%2Fwp%2Fv2%2Fcomments&post=8799"}],"version-history":[{"count":52,"href":"https:\/\/www.marceltuit.nl\/index.php?rest_route=\/wp\/v2\/pages\/8799\/revisions"}],"predecessor-version":[{"id":9563,"href":"https:\/\/www.marceltuit.nl\/index.php?rest_route=\/wp\/v2\/pages\/8799\/revisions\/9563"}],"wp:featuredmedia":[{"embeddable":true,"href":"https:\/\/www.marceltuit.nl\/index.php?rest_route=\/wp\/v2\/media\/8780"}],"wp:attachment":[{"href":"https:\/\/www.marceltuit.nl\/index.php?rest_route=%2Fwp%2Fv2%2Fmedia&parent=8799"}],"curies":[{"name":"wp","href":"https:\/\/api.w.org\/{rel}","templated":true}]}}